{"id":424,"date":"2024-11-08T15:12:10","date_gmt":"2024-11-08T12:12:10","guid":{"rendered":"http:\/\/www.usayotomasyon.com\/?page_id=424"},"modified":"2024-11-13T14:10:20","modified_gmt":"2024-11-13T11:10:20","slug":"yenileniyoruz","status":"publish","type":"page","link":"http:\/\/www.usayotomasyon.com\/","title":{"rendered":"Yenileniyoruz!"},"content":{"rendered":"<div class=\"wp-block-image is-style-rounded\">\n<figure class=\"aligncenter size-full\"><img loading=\"lazy\" decoding=\"async\" width=\"710\" height=\"320\" src=\"http:\/\/www.usayotomasyon.com\/wp-content\/uploads\/2024\/11\/yenileniyor-1.jpg\" alt=\"\" class=\"wp-image-429\" srcset=\"http:\/\/www.usayotomasyon.com\/wp-content\/uploads\/2024\/11\/yenileniyor-1.jpg 710w, http:\/\/www.usayotomasyon.com\/wp-content\/uploads\/2024\/11\/yenileniyor-1-300x135.jpg 300w\" sizes=\"(max-width: 710px) 100vw, 710px\" \/><\/figure><\/div>\n\n<div class=\"wp-block-image\">\n<figure class=\"aligncenter size-full is-resized\"><img loading=\"lazy\" decoding=\"async\" width=\"663\" height=\"351\" src=\"http:\/\/www.usayotomasyon.com\/wp-content\/uploads\/2024\/11\/Ekran-Alintisi2.jpg\" alt=\"\" class=\"wp-image-443\" style=\"width:799px;height:auto\" srcset=\"http:\/\/www.usayotomasyon.com\/wp-content\/uploads\/2024\/11\/Ekran-Alintisi2.jpg 663w, http:\/\/www.usayotomasyon.com\/wp-content\/uploads\/2024\/11\/Ekran-Alintisi2-300x159.jpg 300w\" sizes=\"(max-width: 663px) 100vw, 663px\" \/><\/figure><\/div>\n\n\n<div class=\"wp-block-buttons is-layout-flex wp-block-buttons-is-layout-flex\"><\/div>\n\n\n\n<p class=\"has-text-align-center has-medium-font-size\"><strong><mark style=\"background-color:rgba(0, 0, 0, 0)\" class=\"has-inline-color has-luminous-vivid-orange-color\">\u0130leti\u015fim :<\/mark> 0538 690 01 17<\/strong> <strong>&#8211; Serkan Usta<\/strong><\/p>\n\n\n\n<p class=\"has-text-align-center has-medium-font-size\"><strong><mark style=\"background-color:rgba(0, 0, 0, 0)\" class=\"has-inline-color has-luminous-vivid-orange-color\">\u0130leti\u015fim :<\/mark> 0535 648 52 17<\/strong> <strong>&#8211; \u00dcmitcan Ayd\u0131n<\/strong><\/p>\n\n\n\n<p class=\"has-text-align-center has-medium-font-size\"><strong><mark style=\"background-color:rgba(0, 0, 0, 0)\" class=\"has-inline-color has-luminous-vivid-orange-color\">E-mail : <\/mark>info@usayotomasyon.com<\/strong><\/p>\n\n\n\n<p><\/p>\n","protected":false},"excerpt":{"rendered":"<p>\u0130leti\u015fim : 0538 690 01 17 &#8211; Serkan Usta \u0130leti\u015fim : 0535 648 52 17 &#8211; \u00dcmitcan Ayd\u0131n E-mail : info@usayotomasyon.com<\/p>\n","protected":false},"author":1,"featured_media":427,"parent":0,"menu_order":0,"comment_status":"closed","ping_status":"closed","template":"..\/public\/views\/revslider-page-template.php","meta":{"footnotes":""},"class_list":["post-424","page","type-page","status-publish","has-post-thumbnail","hentry"],"_links":{"self":[{"href":"http:\/\/www.usayotomasyon.com\/index.php\/wp-json\/wp\/v2\/pages\/424"}],"collection":[{"href":"http:\/\/www.usayotomasyon.com\/index.php\/wp-json\/wp\/v2\/pages"}],"about":[{"href":"http:\/\/www.usayotomasyon.com\/index.php\/wp-json\/wp\/v2\/types\/page"}],"author":[{"embeddable":true,"href":"http:\/\/www.usayotomasyon.com\/index.php\/wp-json\/wp\/v2\/users\/1"}],"replies":[{"embeddable":true,"href":"http:\/\/www.usayotomasyon.com\/index.php\/wp-json\/wp\/v2\/comments?post=424"}],"version-history":[{"count":16,"href":"http:\/\/www.usayotomasyon.com\/index.php\/wp-json\/wp\/v2\/pages\/424\/revisions"}],"predecessor-version":[{"id":459,"href":"http:\/\/www.usayotomasyon.com\/index.php\/wp-json\/wp\/v2\/pages\/424\/revisions\/459"}],"wp:featuredmedia":[{"embeddable":true,"href":"http:\/\/www.usayotomasyon.com\/index.php\/wp-json\/wp\/v2\/media\/427"}],"wp:attachment":[{"href":"http:\/\/www.usayotomasyon.com\/index.php\/wp-json\/wp\/v2\/media?parent=424"}],"curies":[{"name":"wp","href":"https:\/\/api.w.org\/{rel}","templated":true}]}}